{"id":3515,"date":"2021-02-26T15:16:58","date_gmt":"2021-02-26T14:16:58","guid":{"rendered":"https:\/\/em-tour.com\/5-dozivetja\/"},"modified":"2022-10-28T11:54:04","modified_gmt":"2022-10-28T09:54:04","slug":"5-dozivetja","status":"publish","type":"page","link":"https:\/\/em-tour.com\/sl\/5-dozivetja\/","title":{"rendered":"5* Do\u017eivetja"},"content":{"rendered":"\t\t<div data-elementor-type=\"wp-page\" data-elementor-id=\"3515\" class=\"elementor elementor-3515 elementor-849\">\n\t\t\t\t\t\t<div class=\"elementor-inner\">\n\t\t\t\t<div class=\"elementor-section-wrap\">\n\t\t\t\t\t\t\t\t\t<section class=\"elementor-section elementor-top-section elementor-element elementor-element-1fd9a33 elementor-section-full_width elementor-section-height-min-height elementor-section-height-default elementor-section-items-middle\" data-id=\"1fd9a33\" data-element_type=\"section\" data-settings=\"{&quot;background_background&quot;:&quot;classic&quot;}\">\n\t\t\t\t\t\t\t<div class=\"elementor-background-overlay\"><\/div>\n\t\t\t\t\t\t\t<div class=\"elementor-container elementor-column-gap-default\">\n\t\t\t\t\t\t\t<div class=\"elementor-row\">\n\t\t\t\t\t<div class=\"elementor-column elementor-col-100 elementor-top-column elementor-element elementor-element-6348522\" data-id=\"6348522\" data-element_type=\"column\">\n\t\t\t<div class=\"elementor-column-wrap\">\n\t\t\t\t\t\t\t<div class=\"elementor-widget-wrap\">\n\t\t\t\t\t\t\t\t<\/div>\n\t\t\t\t\t<\/div>\n\t\t<\/div>\n\t\t\t\t\t\t\t\t<\/div>\n\t\t\t\t\t<\/div>\n\t\t<\/section>\n\t\t\t\t<section class=\"elementor-section elementor-top-section elementor-element elementor-element-6ec2ea7 elementor-section-boxed elementor-section-height-default elementor-section-height-default\" data-id=\"6ec2ea7\" data-element_type=\"section\" data-settings=\"{&quot;background_background&quot;:&quot;classic&quot;}\">\n\t\t\t\t\t\t<div class=\"elementor-container elementor-column-gap-default\">\n\t\t\t\t\t\t\t<div class=\"elementor-row\">\n\t\t\t\t\t<div class=\"elementor-column elementor-col-100 elementor-top-column elementor-element elementor-element-af957f1\" data-id=\"af957f1\" data-element_type=\"column\">\n\t\t\t<div class=\"elementor-column-wrap elementor-element-populated\">\n\t\t\t\t\t\t\t<div class=\"elementor-widget-wrap\">\n\t\t\t\t\t\t<div class=\"elementor-element elementor-element-1bfc81b elementor-widget elementor-widget-spacer\" data-id=\"1bfc81b\" data-element_type=\"widget\" data-widget_type=\"spacer.default\">\n\t\t\t\t<div class=\"elementor-widget-container\">\n\t\t\t\t\t<div class=\"elementor-spacer\">\n\t\t\t<div class=\"elementor-spacer-inner\"><\/div>\n\t\t<\/div>\n\t\t\t\t<\/div>\n\t\t\t\t<\/div>\n\t\t\t\t<div class=\"elementor-element elementor-element-4b664df elementor-widget elementor-widget-heading\" data-id=\"4b664df\" data-element_type=\"widget\" data-widget_type=\"heading.default\">\n\t\t\t\t<div class=\"elementor-widget-container\">\n\t\t\t<h1 class=\"elementor-heading-title elementor-size-default\">5* Do\u017eivetja<\/h1>\t\t<\/div>\n\t\t\t\t<\/div>\n\t\t\t\t<div class=\"elementor-element elementor-element-83fb75a elementor-widget elementor-widget-text-editor\" data-id=\"83fb75a\" data-element_type=\"widget\" data-widget_type=\"text-editor.default\">\n\t\t\t\t<div class=\"elementor-widget-container\">\n\t\t\t\t\t\t\t\t<div class=\"elementor-text-editor elementor-clearfix\">\n\t\t\t\t<p>Oblikovali smo dve 5-zvedzi\u010dni do\u017eivetji, v katerih se prepletajo digitalizacija kulturne dedi\u0161\u010dine, interaktivno do\u017eivetje in vhunska kulinarika. Odvijata se na dveh lokacijah: Novo mesto in Baza 20 v Ko\u010devskem Rogu in temu primerna je tudi tematika, postavljena v pretekli \u010das &#8211; v Novem mestu je bilo izredno zanimivo obdobje hal\u0161tatske kulture, medtem ko je Baza 20 svojo glavno vlogo odigrala v odbobju 2. sv vojne. Ve\u010d informacij na spodnji povezavi. <a href=\"https:\/\/www.rc-nm.si\/skrivnosti-dolenjske\/\" target=\"_blank\" rel=\"noopener\">https:\/\/www.rc-nm.si\/skrivnosti-dolenjske\/<\/a><\/p>\t\t\t\t\t<\/div>\n\t\t\t\t\t\t<\/div>\n\t\t\t\t<\/div>\n\t\t\t\t<div class=\"elementor-element elementor-element-352047f elementor-widget elementor-widget-spacer\" data-id=\"352047f\" data-element_type=\"widget\" data-widget_type=\"spacer.default\">\n\t\t\t\t<div class=\"elementor-widget-container\">\n\t\t\t\t\t<div class=\"elementor-spacer\">\n\t\t\t<div class=\"elementor-spacer-inner\"><\/div>\n\t\t<\/div>\n\t\t\t\t<\/div>\n\t\t\t\t<\/div>\n\t\t\t\t\t\t<\/div>\n\t\t\t\t\t<\/div>\n\t\t<\/div>\n\t\t\t\t\t\t\t\t<\/div>\n\t\t\t\t\t<\/div>\n\t\t<\/section>\n\t\t\t\t<section class=\"elementor-section elementor-top-section elementor-element elementor-element-fa4f6e8 elementor-section-boxed elementor-section-height-default elementor-section-height-default\" data-id=\"fa4f6e8\" data-element_type=\"section\" data-settings=\"{&quot;background_background&quot;:&quot;classic&quot;}\">\n\t\t\t\t\t\t<div class=\"elementor-container elementor-column-gap-default\">\n\t\t\t\t\t\t\t<div class=\"elementor-row\">\n\t\t\t\t\t<div class=\"elementor-column elementor-col-100 elementor-top-column elementor-element elementor-element-5390c7e\" data-id=\"5390c7e\" data-element_type=\"column\">\n\t\t\t<div class=\"elementor-column-wrap elementor-element-populated\">\n\t\t\t\t\t\t\t<div class=\"elementor-widget-wrap\">\n\t\t\t\t\t\t<div class=\"elementor-element elementor-element-9356ca7 elementor-widget elementor-widget-themo-call-to-action\" data-id=\"9356ca7\" data-element_type=\"widget\" data-widget_type=\"themo-call-to-action.default\">\n\t\t\t\t<div class=\"elementor-widget-container\">\n\t\t\t\t\t<div class=\"th-cta\">\n\t\t\t\t\t        <div class=\"th-cta-text\">\n\t\t            <span>Se sli\u0161i zabavno? <\/span>\n\t\t        <\/div>\n\t\t    \n                        <div class=\"th-cta-btn\">\n\n                                    <a class=\"btn-1 btn th-btn btn-standard-accent\" href=\"https:\/\/www.rc-nm.si\/skrivnosti-dolenjske\/\" target=\"_blank\">\n                                                    Ve\u010d                                            <\/a>\n                \n                            <\/div>\n            \t\t<\/div>\n\t\t\t\t<\/div>\n\t\t\t\t<\/div>\n\t\t\t\t\t\t<\/div>\n\t\t\t\t\t<\/div>\n\t\t<\/div>\n\t\t\t\t\t\t\t\t<\/div>\n\t\t\t\t\t<\/div>\n\t\t<\/section>\n\t\t\t\t<section class=\"elementor-section elementor-top-section elementor-element elementor-element-25e1116 elementor-section-boxed elementor-section-height-default elementor-section-height-default\" data-id=\"25e1116\" data-element_type=\"section\" data-settings=\"{&quot;background_background&quot;:&quot;classic&quot;}\">\n\t\t\t\t\t\t<div class=\"elementor-container elementor-column-gap-default\">\n\t\t\t\t\t\t\t<div class=\"elementor-row\">\n\t\t\t\t\t<div class=\"elementor-column elementor-col-100 elementor-top-column elementor-element elementor-element-8731c2f\" data-id=\"8731c2f\" data-element_type=\"column\">\n\t\t\t<div class=\"elementor-column-wrap elementor-element-populated\">\n\t\t\t\t\t\t\t<div class=\"elementor-widget-wrap\">\n\t\t\t\t\t\t<div class=\"elementor-element elementor-element-9d464c7 elementor-widget elementor-widget-spacer\" data-id=\"9d464c7\" data-element_type=\"widget\" data-widget_type=\"spacer.default\">\n\t\t\t\t<div class=\"elementor-widget-container\">\n\t\t\t\t\t<div class=\"elementor-spacer\">\n\t\t\t<div class=\"elementor-spacer-inner\"><\/div>\n\t\t<\/div>\n\t\t\t\t<\/div>\n\t\t\t\t<\/div>\n\t\t\t\t<div class=\"elementor-element elementor-element-018c0fe elementor-widget elementor-widget-heading\" data-id=\"018c0fe\" data-element_type=\"widget\" data-widget_type=\"heading.default\">\n\t\t\t\t<div class=\"elementor-widget-container\">\n\t\t\t<h1 class=\"elementor-heading-title elementor-size-default\">Galerija<\/h1>\t\t<\/div>\n\t\t\t\t<\/div>\n\t\t\t\t<div class=\"elementor-element elementor-element-a8f06be elementor-widget elementor-widget-spacer\" data-id=\"a8f06be\" data-element_type=\"widget\" data-widget_type=\"spacer.default\">\n\t\t\t\t<div class=\"elementor-widget-container\">\n\t\t\t\t\t<div class=\"elementor-spacer\">\n\t\t\t<div class=\"elementor-spacer-inner\"><\/div>\n\t\t<\/div>\n\t\t\t\t<\/div>\n\t\t\t\t<\/div>\n\t\t\t\t<div class=\"elementor-element elementor-element-32665c1 elementor-arrows-position-inside elementor-widget elementor-widget-image-carousel\" data-id=\"32665c1\" data-element_type=\"widget\" data-settings=\"{&quot;slides_to_show&quot;:&quot;4&quot;,&quot;autoplay_speed&quot;:6000,&quot;speed&quot;:800,&quot;slides_to_scroll&quot;:&quot;1&quot;,&quot;navigation&quot;:&quot;arrows&quot;,&quot;autoplay&quot;:&quot;yes&quot;,&quot;pause_on_hover&quot;:&quot;yes&quot;,&quot;pause_on_interaction&quot;:&quot;yes&quot;,&quot;infinite&quot;:&quot;yes&quot;,&quot;image_spacing_custom&quot;:{&quot;unit&quot;:&quot;px&quot;,&quot;size&quot;:20,&quot;sizes&quot;:[]}}\" data-widget_type=\"image-carousel.default\">\n\t\t\t\t<div class=\"elementor-widget-container\">\n\t\t\t\t\t<div class=\"elementor-image-carousel-wrapper swiper-container\" dir=\"ltr\">\n\t\t\t<div class=\"elementor-image-carousel swiper-wrapper swiper-image-stretch\">\n\t\t\t\t\t\t\t\t<div class=\"swiper-slide\"><a data-elementor-open-lightbox=\"yes\" data-elementor-lightbox-slideshow=\"32665c1\" data-elementor-lightbox-title=\"Exclusive Wine Tours\" e-action-hash=\"#elementor-action%3Aaction%3Dlightbox%26settings%3DeyJpZCI6MzM4NSwidXJsIjoiaHR0cHM6XC9cL2VtLXRvdXIuY29tXC93cC1jb250ZW50XC91cGxvYWRzXC8yMDIxXC8wM1wvZW1fX2V4Y2x1c2l2ZV93aW5lX3RvdXJzX2kwMS5qcGciLCJzbGlkZXNob3ciOiIzMjY2NWMxIn0%3D\" href=\"https:\/\/em-tour.com\/wp-content\/uploads\/2021\/03\/em__exclusive_wine_tours_i01.jpg\"><figure class=\"swiper-slide-inner\"><img decoding=\"async\" class=\"swiper-slide-image\" src=\"https:\/\/em-tour.com\/wp-content\/uploads\/2021\/03\/em__exclusive_wine_tours_i01-300x200.jpg\" alt=\"Exclusive Wine Tours\" \/><\/figure><\/a><\/div><div class=\"swiper-slide\"><a data-elementor-open-lightbox=\"yes\" data-elementor-lightbox-slideshow=\"32665c1\" data-elementor-lightbox-title=\"Exclusive Wine Tours\" e-action-hash=\"#elementor-action%3Aaction%3Dlightbox%26settings%3DeyJpZCI6MzM4NiwidXJsIjoiaHR0cHM6XC9cL2VtLXRvdXIuY29tXC93cC1jb250ZW50XC91cGxvYWRzXC8yMDIxXC8wM1wvZW1fX2V4Y2x1c2l2ZV93aW5lX3RvdXJzX2kwMi5qcGciLCJzbGlkZXNob3ciOiIzMjY2NWMxIn0%3D\" href=\"https:\/\/em-tour.com\/wp-content\/uploads\/2021\/03\/em__exclusive_wine_tours_i02.jpg\"><figure class=\"swiper-slide-inner\"><img decoding=\"async\" class=\"swiper-slide-image\" src=\"https:\/\/em-tour.com\/wp-content\/uploads\/2021\/03\/em__exclusive_wine_tours_i02-300x200.jpg\" alt=\"Exclusive Wine Tours\" \/><\/figure><\/a><\/div><div class=\"swiper-slide\"><a data-elementor-open-lightbox=\"yes\" data-elementor-lightbox-slideshow=\"32665c1\" data-elementor-lightbox-title=\"Exclusive Wine Tours\" e-action-hash=\"#elementor-action%3Aaction%3Dlightbox%26settings%3DeyJpZCI6MzM4NywidXJsIjoiaHR0cHM6XC9cL2VtLXRvdXIuY29tXC93cC1jb250ZW50XC91cGxvYWRzXC8yMDIxXC8wM1wvZW1fX2V4Y2x1c2l2ZV93aW5lX3RvdXJzX2kwMy5qcGciLCJzbGlkZXNob3ciOiIzMjY2NWMxIn0%3D\" href=\"https:\/\/em-tour.com\/wp-content\/uploads\/2021\/03\/em__exclusive_wine_tours_i03.jpg\"><figure class=\"swiper-slide-inner\"><img decoding=\"async\" class=\"swiper-slide-image\" src=\"https:\/\/em-tour.com\/wp-content\/uploads\/2021\/03\/em__exclusive_wine_tours_i03-300x200.jpg\" alt=\"Exclusive Wine Tours\" \/><\/figure><\/a><\/div><div class=\"swiper-slide\"><a data-elementor-open-lightbox=\"yes\" data-elementor-lightbox-slideshow=\"32665c1\" data-elementor-lightbox-title=\"Exclusive Wine Tours\" e-action-hash=\"#elementor-action%3Aaction%3Dlightbox%26settings%3DeyJpZCI6MzM4OCwidXJsIjoiaHR0cHM6XC9cL2VtLXRvdXIuY29tXC93cC1jb250ZW50XC91cGxvYWRzXC8yMDIxXC8wM1wvZW1fX2V4Y2x1c2l2ZV93aW5lX3RvdXJzX2kwNC5qcGciLCJzbGlkZXNob3ciOiIzMjY2NWMxIn0%3D\" href=\"https:\/\/em-tour.com\/wp-content\/uploads\/2021\/03\/em__exclusive_wine_tours_i04.jpg\"><figure class=\"swiper-slide-inner\"><img decoding=\"async\" class=\"swiper-slide-image\" src=\"https:\/\/em-tour.com\/wp-content\/uploads\/2021\/03\/em__exclusive_wine_tours_i04-300x200.jpg\" alt=\"Exclusive Wine Tours\" \/><\/figure><\/a><\/div><div class=\"swiper-slide\"><a data-elementor-open-lightbox=\"yes\" data-elementor-lightbox-slideshow=\"32665c1\" data-elementor-lightbox-title=\"Exclusive Wine Tours\" e-action-hash=\"#elementor-action%3Aaction%3Dlightbox%26settings%3DeyJpZCI6MzM4OSwidXJsIjoiaHR0cHM6XC9cL2VtLXRvdXIuY29tXC93cC1jb250ZW50XC91cGxvYWRzXC8yMDIxXC8wM1wvZW1fX2V4Y2x1c2l2ZV93aW5lX3RvdXJzX2kwNS5qcGciLCJzbGlkZXNob3ciOiIzMjY2NWMxIn0%3D\" href=\"https:\/\/em-tour.com\/wp-content\/uploads\/2021\/03\/em__exclusive_wine_tours_i05.jpg\"><figure class=\"swiper-slide-inner\"><img decoding=\"async\" class=\"swiper-slide-image\" src=\"https:\/\/em-tour.com\/wp-content\/uploads\/2021\/03\/em__exclusive_wine_tours_i05-300x200.jpg\" alt=\"Exclusive Wine Tours\" \/><\/figure><\/a><\/div><div class=\"swiper-slide\"><a data-elementor-open-lightbox=\"yes\" data-elementor-lightbox-slideshow=\"32665c1\" data-elementor-lightbox-title=\"Exclusive Wine Tours\" e-action-hash=\"#elementor-action%3Aaction%3Dlightbox%26settings%3DeyJpZCI6MzM5MCwidXJsIjoiaHR0cHM6XC9cL2VtLXRvdXIuY29tXC93cC1jb250ZW50XC91cGxvYWRzXC8yMDIxXC8wM1wvZW1fX2V4Y2x1c2l2ZV93aW5lX3RvdXJzX2kwNi5qcGciLCJzbGlkZXNob3ciOiIzMjY2NWMxIn0%3D\" href=\"https:\/\/em-tour.com\/wp-content\/uploads\/2021\/03\/em__exclusive_wine_tours_i06.jpg\"><figure class=\"swiper-slide-inner\"><img decoding=\"async\" class=\"swiper-slide-image\" src=\"https:\/\/em-tour.com\/wp-content\/uploads\/2021\/03\/em__exclusive_wine_tours_i06-300x200.jpg\" alt=\"Exclusive Wine Tours\" \/><\/figure><\/a><\/div><div class=\"swiper-slide\"><a data-elementor-open-lightbox=\"yes\" data-elementor-lightbox-slideshow=\"32665c1\" data-elementor-lightbox-title=\"Exclusive Wine Tours\" e-action-hash=\"#elementor-action%3Aaction%3Dlightbox%26settings%3DeyJpZCI6MzM5MSwidXJsIjoiaHR0cHM6XC9cL2VtLXRvdXIuY29tXC93cC1jb250ZW50XC91cGxvYWRzXC8yMDIxXC8wM1wvZW1fX2V4Y2x1c2l2ZV93aW5lX3RvdXJzX2kwNy5qcGciLCJzbGlkZXNob3ciOiIzMjY2NWMxIn0%3D\" href=\"https:\/\/em-tour.com\/wp-content\/uploads\/2021\/03\/em__exclusive_wine_tours_i07.jpg\"><figure class=\"swiper-slide-inner\"><img decoding=\"async\" class=\"swiper-slide-image\" src=\"https:\/\/em-tour.com\/wp-content\/uploads\/2021\/03\/em__exclusive_wine_tours_i07-300x200.jpg\" alt=\"Exclusive Wine Tours\" \/><\/figure><\/a><\/div>\t\t\t<\/div>\n\t\t\t\t\t\t\t\t\t\t\t\t\t\t\t\t<div class=\"elementor-swiper-button elementor-swiper-button-prev\">\n\t\t\t\t\t\t<i aria-hidden=\"true\" class=\"eicon-chevron-left\"><\/i>\t\t\t\t\t\t<span class=\"elementor-screen-only\">Previous<\/span>\n\t\t\t\t\t<\/div>\n\t\t\t\t\t<div class=\"elementor-swiper-button elementor-swiper-button-next\">\n\t\t\t\t\t\t<i aria-hidden=\"true\" class=\"eicon-chevron-right\"><\/i>\t\t\t\t\t\t<span class=\"elementor-screen-only\">Next<\/span>\n\t\t\t\t\t<\/div>\n\t\t\t\t\t\t\t\t\t<\/div>\n\t\t\t\t<\/div>\n\t\t\t\t<\/div>\n\t\t\t\t\t\t<\/div>\n\t\t\t\t\t<\/div>\n\t\t<\/div>\n\t\t\t\t\t\t\t\t<\/div>\n\t\t\t\t\t<\/div>\n\t\t<\/section>\n\t\t\t\t<section class=\"elementor-section elementor-top-section elementor-element elementor-element-4d23aab elementor-section-boxed elementor-section-height-default elementor-section-height-default\" data-id=\"4d23aab\" data-element_type=\"section\" id=\"em__contact_form\" data-settings=\"{&quot;background_background&quot;:&quot;classic&quot;}\">\n\t\t\t\t\t\t<div class=\"elementor-container elementor-column-gap-default\">\n\t\t\t\t\t\t\t<div class=\"elementor-row\">\n\t\t\t\t\t<div class=\"elementor-column elementor-col-100 elementor-top-column elementor-element elementor-element-c2329b5\" data-id=\"c2329b5\" data-element_type=\"column\">\n\t\t\t<div class=\"elementor-column-wrap elementor-element-populated\">\n\t\t\t\t\t\t\t<div class=\"elementor-widget-wrap\">\n\t\t\t\t\t\t<div class=\"elementor-element elementor-element-355fdd7 elementor-widget elementor-widget-menu-anchor\" data-id=\"355fdd7\" data-element_type=\"widget\" data-widget_type=\"menu-anchor.default\">\n\t\t\t\t<div class=\"elementor-widget-container\">\n\t\t\t\t\t<div id=\"povprasevanje\" class=\"elementor-menu-anchor\"><\/div>\n\t\t\t\t<\/div>\n\t\t\t\t<\/div>\n\t\t\t\t<div class=\"elementor-element elementor-element-7c6d4d1 elementor-widget elementor-widget-spacer\" data-id=\"7c6d4d1\" data-element_type=\"widget\" data-widget_type=\"spacer.default\">\n\t\t\t\t<div class=\"elementor-widget-container\">\n\t\t\t\t\t<div class=\"elementor-spacer\">\n\t\t\t<div class=\"elementor-spacer-inner\"><\/div>\n\t\t<\/div>\n\t\t\t\t<\/div>\n\t\t\t\t<\/div>\n\t\t\t\t<div class=\"elementor-element elementor-element-a1adbfd elementor-widget elementor-widget-heading\" data-id=\"a1adbfd\" data-element_type=\"widget\" data-widget_type=\"heading.default\">\n\t\t\t\t<div class=\"elementor-widget-container\">\n\t\t\t<h1 class=\"elementor-heading-title elementor-size-default\">Povpra\u0161evanje<\/h1>\t\t<\/div>\n\t\t\t\t<\/div>\n\t\t\t\t<div class=\"elementor-element elementor-element-1fc1138 elementor-widget elementor-widget-spacer\" data-id=\"1fc1138\" data-element_type=\"widget\" data-widget_type=\"spacer.default\">\n\t\t\t\t<div class=\"elementor-widget-container\">\n\t\t\t\t\t<div class=\"elementor-spacer\">\n\t\t\t<div class=\"elementor-spacer-inner\"><\/div>\n\t\t<\/div>\n\t\t\t\t<\/div>\n\t\t\t\t<\/div>\n\t\t\t\t<div class=\"elementor-element elementor-element-fd944c8 elementor-widget elementor-widget-shortcode\" data-id=\"fd944c8\" data-element_type=\"widget\" data-widget_type=\"shortcode.default\">\n\t\t\t\t<div class=\"elementor-widget-container\">\n\t\t\t\t\t<div class=\"elementor-shortcode\"><div role=\"form\" class=\"wpcf7\" id=\"wpcf7-f1963-o1\" lang=\"en-US\" dir=\"ltr\">\n<div class=\"screen-reader-response\"><p role=\"status\" aria-live=\"polite\" aria-atomic=\"true\"><\/p> <ul><\/ul><\/div>\n<form action=\"\/sl\/wp-json\/wp\/v2\/pages\/3515#wpcf7-f1963-o1\" method=\"post\" class=\"wpcf7-form init\" novalidate=\"novalidate\" data-status=\"init\">\n<div style=\"display: none;\">\n<input type=\"hidden\" name=\"_wpcf7\" value=\"1963\" \/>\n<input type=\"hidden\" name=\"_wpcf7_version\" value=\"5.6.4\" \/>\n<input type=\"hidden\" name=\"_wpcf7_locale\" value=\"en_US\" \/>\n<input type=\"hidden\" name=\"_wpcf7_unit_tag\" value=\"wpcf7-f1963-o1\" \/>\n<input type=\"hidden\" name=\"_wpcf7_container_post\" value=\"0\" \/>\n<input type=\"hidden\" name=\"_wpcf7_posted_data_hash\" value=\"\" \/>\n<\/div>\n<div>\n<div class=\"div_1_of_2\">\n<div class=\"em__cfFTitle\">Name:<\/div>\n<div><span class=\"wpcf7-form-control-wrap\" data-name=\"em__fullname\"><input type=\"text\" name=\"em__fullname\" value=\"\" size=\"40\" class=\"wpcf7-form-control wpcf7-text wpcf7-validates-as-required\" aria-required=\"true\" aria-invalid=\"false\" placeholder=\"Enter your full name\" \/><\/span><\/div>\n<\/div>\n<div class=\"div_2_of_2\">\n<div class=\"em__cfF2Title\">Email:<\/div>\n<div><span class=\"wpcf7-form-control-wrap\" data-name=\"em__email\"><input type=\"email\" name=\"em__email\" value=\"\" size=\"40\" class=\"wpcf7-form-control wpcf7-text wpcf7-email wpcf7-validates-as-required wpcf7-validates-as-email\" aria-required=\"true\" aria-invalid=\"false\" placeholder=\"Enter your email\" \/><\/span><\/div>\n<\/div>\n<\/div>\n<div>\n<div class=\"div_1_of_2\">\n<div class=\"em__cfSTitle\">Date from:<\/div>\n<div><span class=\"wpcf7-form-control-wrap\" data-name=\"em__date_from\"><input type=\"date\" name=\"em__date_from\" value=\"\" class=\"wpcf7-form-control wpcf7-date wpcf7-validates-as-required wpcf7-validates-as-date\" aria-required=\"true\" aria-invalid=\"false\" \/><\/span><\/div>\n<\/div>\n<div class=\"div_2_of_2\">\n<div class=\"em__cfSTitle\">Date to:<\/div>\n<div><span class=\"wpcf7-form-control-wrap\" data-name=\"em__date_to\"><input type=\"date\" name=\"em__date_to\" value=\"\" class=\"wpcf7-form-control wpcf7-date wpcf7-validates-as-required wpcf7-validates-as-date\" aria-required=\"true\" aria-invalid=\"false\" \/><\/span><\/div>\n<\/div>\n<\/div>\n<div class=\"clear_div\">\n<div class=\"em__cfSTitle\">Number of guests:<\/div>\n<div><span class=\"wpcf7-form-control-wrap\" data-name=\"em__number_of_guests\"><input type=\"number\" name=\"em__number_of_guests\" value=\"\" class=\"wpcf7-form-control wpcf7-number wpcf7-validates-as-required wpcf7-validates-as-number\" min=\"1\" max=\"8\" aria-required=\"true\" aria-invalid=\"false\" placeholder=\"1\" \/><\/span><\/div>\n<\/div>\n<div>\n<div class=\"em__cfSTitle\">Number of guests under 12 years old:<\/div>\n<div><span class=\"wpcf7-form-control-wrap\" data-name=\"em__number_of_guests_under_12_years_old\"><input type=\"number\" name=\"em__number_of_guests_under_12_years_old\" value=\"\" class=\"wpcf7-form-control wpcf7-number wpcf7-validates-as-number\" min=\"0\" max=\"8\" aria-invalid=\"false\" placeholder=\"0\" \/><\/span><\/div>\n<\/div>\n<div>\n<div class=\"em__cfSTitle\">Preferred type of accommodation:<\/div>\n<div><span class=\"wpcf7-form-control-wrap\" data-name=\"em__accommodation\"><select name=\"em__accommodation\" class=\"wpcf7-form-control wpcf7-select\" aria-invalid=\"false\"><option value=\"-- Please, select an option --\">-- Please, select an option --<\/option><option value=\"Hotel\">Hotel<\/option><option value=\"Hostel\">Hostel<\/option><option value=\"Apartment\">Apartment<\/option><option value=\"Tourist farm house\">Tourist farm house<\/option><option value=\"Other\">Other<\/option><\/select><\/span><\/div>\n<\/div>\n<div>\n<div class=\"em__cfSTitle\">Special wishes:<\/div>\n<div><span class=\"wpcf7-form-control-wrap\" data-name=\"em__special_wishes\"><textarea name=\"em__special_wishes\" cols=\"40\" rows=\"10\" class=\"wpcf7-form-control wpcf7-textarea\" aria-invalid=\"false\"><\/textarea><\/span><\/div>\n<\/div>\n<div>\n<div class=\"em__cfBTN\"><input type=\"submit\" value=\"Send Inqury\" class=\"wpcf7-form-control has-spinner wpcf7-submit\" \/><\/div>\n<div>\n<div class=\"wpcf7-response-output\" aria-hidden=\"true\"><\/div><\/form><\/div><\/div>\n\t\t\t\t<\/div>\n\t\t\t\t<\/div>\n\t\t\t\t<div class=\"elementor-element elementor-element-d50b926 elementor-widget elementor-widget-spacer\" data-id=\"d50b926\" data-element_type=\"widget\" data-widget_type=\"spacer.default\">\n\t\t\t\t<div class=\"elementor-widget-container\">\n\t\t\t\t\t<div class=\"elementor-spacer\">\n\t\t\t<div class=\"elementor-spacer-inner\"><\/div>\n\t\t<\/div>\n\t\t\t\t<\/div>\n\t\t\t\t<\/div>\n\t\t\t\t\t\t<\/div>\n\t\t\t\t\t<\/div>\n\t\t<\/div>\n\t\t\t\t\t\t\t\t<\/div>\n\t\t\t\t\t<\/div>\n\t\t<\/section>\n\t\t\t\t\t\t\t\t\t<\/div>\n\t\t\t<\/div>\n\t\t\t\t\t<\/div>\n\t\t","protected":false},"excerpt":{"rendered":"<p>5* Do\u017eivetja Oblikovali smo dve 5-zvedzi\u010dni do\u017eivetji, v katerih se prepletajo digitalizacija kulturne dedi\u0161\u010dine, interaktivno do\u017eivetje in vhunska kulinarika. Odvijata se na dveh lokacijah: Novo mesto in Baza 20 v Ko\u010devskem Rogu in temu primerna je tudi tematika, postavljena v &hellip; <a href=\"https:\/\/em-tour.com\/sl\/5-dozivetja\/\">Read More<\/a><\/p>\n","protected":false},"author":1,"featured_media":0,"parent":0,"menu_order":4,"comment_status":"closed","ping_status":"closed","template":"","meta":{"footnotes":""},"class_list":["post-3515","page","type-page","status-publish","hentry"],"_links":{"self":[{"href":"https:\/\/em-tour.com\/sl\/wp-json\/wp\/v2\/pages\/3515","targetHints":{"allow":["GET"]}}],"collection":[{"href":"https:\/\/em-tour.com\/sl\/wp-json\/wp\/v2\/pages"}],"about":[{"href":"https:\/\/em-tour.com\/sl\/wp-json\/wp\/v2\/types\/page"}],"author":[{"embeddable":true,"href":"https:\/\/em-tour.com\/sl\/wp-json\/wp\/v2\/users\/1"}],"replies":[{"embeddable":true,"href":"https:\/\/em-tour.com\/sl\/wp-json\/wp\/v2\/comments?post=3515"}],"version-history":[{"count":20,"href":"https:\/\/em-tour.com\/sl\/wp-json\/wp\/v2\/pages\/3515\/revisions"}],"predecessor-version":[{"id":3619,"href":"https:\/\/em-tour.com\/sl\/wp-json\/wp\/v2\/pages\/3515\/revisions\/3619"}],"wp:attachment":[{"href":"https:\/\/em-tour.com\/sl\/wp-json\/wp\/v2\/media?parent=3515"}],"curies":[{"name":"wp","href":"https:\/\/api.w.org\/{rel}","templated":true}]}}