{"id":3504,"date":"2021-03-01T09:12:54","date_gmt":"2021-03-01T08:12:54","guid":{"rendered":"https:\/\/em-tour.com\/kje-smo\/"},"modified":"2022-10-06T11:48:30","modified_gmt":"2022-10-06T09:48:30","slug":"kje-smo","status":"publish","type":"page","link":"https:\/\/em-tour.com\/sl\/kje-smo\/","title":{"rendered":"Kje smo?"},"content":{"rendered":"\t\t<div data-elementor-type=\"wp-page\" data-elementor-id=\"3504\" class=\"elementor elementor-3504 elementor-1166\">\n\t\t\t\t\t\t<div class=\"elementor-inner\">\n\t\t\t\t<div class=\"elementor-section-wrap\">\n\t\t\t\t\t\t\t\t\t<section class=\"elementor-section elementor-top-section elementor-element elementor-element-f7a909d elementor-section-full_width elementor-section-height-min-height elementor-section-height-default elementor-section-items-middle\" data-id=\"f7a909d\" data-element_type=\"section\" data-settings=\"{&quot;background_background&quot;:&quot;classic&quot;}\">\n\t\t\t\t\t\t\t<div class=\"elementor-background-overlay\"><\/div>\n\t\t\t\t\t\t\t<div class=\"elementor-container elementor-column-gap-default\">\n\t\t\t\t\t\t\t<div class=\"elementor-row\">\n\t\t\t\t\t<div class=\"elementor-column elementor-col-100 elementor-top-column elementor-element elementor-element-676fcbb\" data-id=\"676fcbb\" data-element_type=\"column\">\n\t\t\t<div class=\"elementor-column-wrap\">\n\t\t\t\t\t\t\t<div class=\"elementor-widget-wrap\">\n\t\t\t\t\t\t\t\t<\/div>\n\t\t\t\t\t<\/div>\n\t\t<\/div>\n\t\t\t\t\t\t\t\t<\/div>\n\t\t\t\t\t<\/div>\n\t\t<\/section>\n\t\t\t\t<section class=\"elementor-section elementor-top-section elementor-element elementor-element-aea2e60 elementor-section-boxed elementor-section-height-default elementor-section-height-default\" data-id=\"aea2e60\" data-element_type=\"section\">\n\t\t\t\t\t\t<div class=\"elementor-container elementor-column-gap-default\">\n\t\t\t\t\t\t\t<div class=\"elementor-row\">\n\t\t\t\t\t<div class=\"elementor-column elementor-col-100 elementor-top-column elementor-element elementor-element-6e488ca\" data-id=\"6e488ca\" data-element_type=\"column\">\n\t\t\t<div class=\"elementor-column-wrap elementor-element-populated\">\n\t\t\t\t\t\t\t<div class=\"elementor-widget-wrap\">\n\t\t\t\t\t\t<div class=\"elementor-element elementor-element-0b6deaa elementor-widget elementor-widget-spacer\" data-id=\"0b6deaa\" data-element_type=\"widget\" data-widget_type=\"spacer.default\">\n\t\t\t\t<div class=\"elementor-widget-container\">\n\t\t\t\t\t<div class=\"elementor-spacer\">\n\t\t\t<div class=\"elementor-spacer-inner\"><\/div>\n\t\t<\/div>\n\t\t\t\t<\/div>\n\t\t\t\t<\/div>\n\t\t\t\t<div class=\"elementor-element elementor-element-037c23e elementor-widget elementor-widget-heading\" data-id=\"037c23e\" data-element_type=\"widget\" data-widget_type=\"heading.default\">\n\t\t\t\t<div class=\"elementor-widget-container\">\n\t\t\t<h1 class=\"elementor-heading-title elementor-size-default\">Kje smo in kako do nas?<\/h1>\t\t<\/div>\n\t\t\t\t<\/div>\n\t\t\t\t<div class=\"elementor-element elementor-element-23bc8dc elementor-widget elementor-widget-text-editor\" data-id=\"23bc8dc\" data-element_type=\"widget\" data-widget_type=\"text-editor.default\">\n\t\t\t\t<div class=\"elementor-widget-container\">\n\t\t\t\t\t\t\t\t<div class=\"elementor-text-editor elementor-clearfix\">\n\t\t\t\t<p>Novo mesto &#8211; Jugovzhodna Slovenija<\/p>\n\t\t\t\t\t<\/div>\n\t\t\t\t\t\t<\/div>\n\t\t\t\t<\/div>\n\t\t\t\t<div class=\"elementor-element elementor-element-4660682 elementor-widget elementor-widget-spacer\" data-id=\"4660682\" data-element_type=\"widget\" data-widget_type=\"spacer.default\">\n\t\t\t\t<div class=\"elementor-widget-container\">\n\t\t\t\t\t<div class=\"elementor-spacer\">\n\t\t\t<div class=\"elementor-spacer-inner\"><\/div>\n\t\t<\/div>\n\t\t\t\t<\/div>\n\t\t\t\t<\/div>\n\t\t\t\t<div class=\"elementor-element elementor-element-65c87d7 elementor-widget elementor-widget-image\" data-id=\"65c87d7\" data-element_type=\"widget\" data-widget_type=\"image.default\">\n\t\t\t\t<div class=\"elementor-widget-container\">\n\t\t\t\t\t\t\t\t<div class=\"elementor-image\">\n\t\t\t\t\t\t\t\t\t\t\t\t\t<a href=\"https:\/\/em-tour.com\/wp-content\/uploads\/2021\/05\/em__slovenia_map_v3.jpg\" data-elementor-open-lightbox=\"yes\" data-elementor-lightbox-title=\"Slovenia\" e-action-hash=\"#elementor-action%3Aaction%3Dlightbox%26settings%3DeyJpZCI6MzQyNSwidXJsIjoiaHR0cHM6XC9cL2VtLXRvdXIuY29tXC93cC1jb250ZW50XC91cGxvYWRzXC8yMDIxXC8wNVwvZW1fX3Nsb3ZlbmlhX21hcF92My5qcGcifQ%3D%3D\">\n\t\t\t\t\t\t\t<img loading=\"lazy\" decoding=\"async\" width=\"1920\" height=\"1350\" src=\"https:\/\/em-tour.com\/wp-content\/uploads\/2021\/05\/em__slovenia_map_v3.jpg\" class=\"attachment-full size-full\" alt=\"\" srcset=\"https:\/\/em-tour.com\/wp-content\/uploads\/2021\/05\/em__slovenia_map_v3.jpg 1920w, https:\/\/em-tour.com\/wp-content\/uploads\/2021\/05\/em__slovenia_map_v3-300x211.jpg 300w, https:\/\/em-tour.com\/wp-content\/uploads\/2021\/05\/em__slovenia_map_v3-1024x720.jpg 1024w, https:\/\/em-tour.com\/wp-content\/uploads\/2021\/05\/em__slovenia_map_v3-768x540.jpg 768w, https:\/\/em-tour.com\/wp-content\/uploads\/2021\/05\/em__slovenia_map_v3-1536x1080.jpg 1536w, https:\/\/em-tour.com\/wp-content\/uploads\/2021\/05\/em__slovenia_map_v3-97x68.jpg 97w, https:\/\/em-tour.com\/wp-content\/uploads\/2021\/05\/em__slovenia_map_v3-114x80.jpg 114w, https:\/\/em-tour.com\/wp-content\/uploads\/2021\/05\/em__slovenia_map_v3-394x277.jpg 394w, https:\/\/em-tour.com\/wp-content\/uploads\/2021\/05\/em__slovenia_map_v3-915x643.jpg 915w, https:\/\/em-tour.com\/wp-content\/uploads\/2021\/05\/em__slovenia_map_v3-1240x872.jpg 1240w\" sizes=\"auto, (max-width: 1920px) 100vw, 1920px\" \/>\t\t\t\t\t\t\t\t<\/a>\n\t\t\t\t\t\t\t\t\t\t\t\t\t\t<\/div>\n\t\t\t\t\t\t<\/div>\n\t\t\t\t<\/div>\n\t\t\t\t<div class=\"elementor-element elementor-element-1f6e955 elementor-widget elementor-widget-spacer\" data-id=\"1f6e955\" data-element_type=\"widget\" data-widget_type=\"spacer.default\">\n\t\t\t\t<div class=\"elementor-widget-container\">\n\t\t\t\t\t<div class=\"elementor-spacer\">\n\t\t\t<div class=\"elementor-spacer-inner\"><\/div>\n\t\t<\/div>\n\t\t\t\t<\/div>\n\t\t\t\t<\/div>\n\t\t\t\t<div class=\"elementor-element elementor-element-4740250 elementor-widget elementor-widget-text-editor\" data-id=\"4740250\" data-element_type=\"widget\" data-widget_type=\"text-editor.default\">\n\t\t\t\t<div class=\"elementor-widget-container\">\n\t\t\t\t\t\t\t\t<div class=\"elementor-text-editor elementor-clearfix\">\n\t\t\t\t<p><strong>Z AVTOM:<\/strong> Izvoz Novo mesto na avtocesti A2, ki povezuje glavni mesti Slovenije in Hrva\u0161ke &#8211; Ljubljano in Zagreb.<\/p>\n<p><strong>BLI\u017dNJA LETALI\u0160\u010cA:<\/strong><\/p>\n<p><strong>Ljubljana<\/strong> &#8211; 80 km (Brussels Airlines, Transavia, Lufthansa, EasyJet)<\/p>\n<p><strong>Zagreb<\/strong>\u2013 70 km (Air France, British Airways, Eurowings, Fly Emirates, Quatar Airways)<\/p>\n\t\t\t\t\t<\/div>\n\t\t\t\t\t\t<\/div>\n\t\t\t\t<\/div>\n\t\t\t\t\t\t<\/div>\n\t\t\t\t\t<\/div>\n\t\t<\/div>\n\t\t\t\t\t\t\t\t<\/div>\n\t\t\t\t\t<\/div>\n\t\t<\/section>\n\t\t\t\t<section class=\"elementor-section elementor-top-section elementor-element elementor-element-83745ef elementor-section-boxed elementor-section-height-default elementor-section-height-default\" data-id=\"83745ef\" data-element_type=\"section\">\n\t\t\t\t\t\t<div class=\"elementor-container elementor-column-gap-default\">\n\t\t\t\t\t\t\t<div class=\"elementor-row\">\n\t\t\t\t\t<div class=\"elementor-column elementor-col-100 elementor-top-column elementor-element elementor-element-c216e2d\" data-id=\"c216e2d\" data-element_type=\"column\">\n\t\t\t<div class=\"elementor-column-wrap elementor-element-populated\">\n\t\t\t\t\t\t\t<div class=\"elementor-widget-wrap\">\n\t\t\t\t\t\t<div class=\"elementor-element elementor-element-6d726c5 elementor-widget elementor-widget-spacer\" data-id=\"6d726c5\" data-element_type=\"widget\" data-widget_type=\"spacer.default\">\n\t\t\t\t<div class=\"elementor-widget-container\">\n\t\t\t\t\t<div class=\"elementor-spacer\">\n\t\t\t<div class=\"elementor-spacer-inner\"><\/div>\n\t\t<\/div>\n\t\t\t\t<\/div>\n\t\t\t\t<\/div>\n\t\t\t\t\t\t<\/div>\n\t\t\t\t\t<\/div>\n\t\t<\/div>\n\t\t\t\t\t\t\t\t<\/div>\n\t\t\t\t\t<\/div>\n\t\t<\/section>\n\t\t\t\t\t\t\t\t\t<\/div>\n\t\t\t<\/div>\n\t\t\t\t\t<\/div>\n\t\t","protected":false},"excerpt":{"rendered":"<p>Kje smo in kako do nas? Novo mesto &#8211; Jugovzhodna Slovenija Z AVTOM: Izvoz Novo mesto na avtocesti A2, ki povezuje glavni mesti Slovenije in Hrva\u0161ke &#8211; Ljubljano in Zagreb. BLI\u017dNJA LETALI\u0160\u010cA: Ljubljana &#8211; 80 km (Brussels Airlines, Transavia, Lufthansa, &hellip; <a href=\"https:\/\/em-tour.com\/sl\/kje-smo\/\">Read More<\/a><\/p>\n","protected":false},"author":1,"featured_media":0,"parent":0,"menu_order":9,"comment_status":"closed","ping_status":"closed","template":"","meta":{"footnotes":""},"class_list":["post-3504","page","type-page","status-publish","hentry"],"_links":{"self":[{"href":"https:\/\/em-tour.com\/sl\/wp-json\/wp\/v2\/pages\/3504","targetHints":{"allow":["GET"]}}],"collection":[{"href":"https:\/\/em-tour.com\/sl\/wp-json\/wp\/v2\/pages"}],"about":[{"href":"https:\/\/em-tour.com\/sl\/wp-json\/wp\/v2\/types\/page"}],"author":[{"embeddable":true,"href":"https:\/\/em-tour.com\/sl\/wp-json\/wp\/v2\/users\/1"}],"replies":[{"embeddable":true,"href":"https:\/\/em-tour.com\/sl\/wp-json\/wp\/v2\/comments?post=3504"}],"version-history":[{"count":1,"href":"https:\/\/em-tour.com\/sl\/wp-json\/wp\/v2\/pages\/3504\/revisions"}],"predecessor-version":[{"id":3505,"href":"https:\/\/em-tour.com\/sl\/wp-json\/wp\/v2\/pages\/3504\/revisions\/3505"}],"wp:attachment":[{"href":"https:\/\/em-tour.com\/sl\/wp-json\/wp\/v2\/media?parent=3504"}],"curies":[{"name":"wp","href":"https:\/\/api.w.org\/{rel}","templated":true}]}}