{"id":3489,"date":"2021-05-18T14:35:53","date_gmt":"2021-05-18T12:35:53","guid":{"rendered":"https:\/\/em-tour.com\/wfta-certifikat\/"},"modified":"2022-10-05T19:38:22","modified_gmt":"2022-10-05T17:38:22","slug":"wfta-certifikat","status":"publish","type":"page","link":"https:\/\/em-tour.com\/sl\/wfta-certifikat\/","title":{"rendered":"WFTA Certifikat"},"content":{"rendered":"\t\t<div data-elementor-type=\"wp-page\" data-elementor-id=\"3489\" class=\"elementor elementor-3489 elementor-3238\">\n\t\t\t\t\t\t<div class=\"elementor-inner\">\n\t\t\t\t<div class=\"elementor-section-wrap\">\n\t\t\t\t\t\t\t\t\t<section class=\"elementor-section elementor-top-section elementor-element elementor-element-a709490 elementor-section-boxed elementor-section-height-default elementor-section-height-default\" data-id=\"a709490\" data-element_type=\"section\" data-settings=\"{&quot;background_background&quot;:&quot;classic&quot;}\">\n\t\t\t\t\t\t<div class=\"elementor-container elementor-column-gap-default\">\n\t\t\t\t\t\t\t<div class=\"elementor-row\">\n\t\t\t\t\t<div class=\"elementor-column elementor-col-100 elementor-top-column elementor-element elementor-element-16bbae5\" data-id=\"16bbae5\" data-element_type=\"column\">\n\t\t\t<div class=\"elementor-column-wrap elementor-element-populated\">\n\t\t\t\t\t\t\t<div class=\"elementor-widget-wrap\">\n\t\t\t\t\t\t<div class=\"elementor-element elementor-element-fcd3fc9 elementor-widget elementor-widget-spacer\" data-id=\"fcd3fc9\" data-element_type=\"widget\" data-widget_type=\"spacer.default\">\n\t\t\t\t<div class=\"elementor-widget-container\">\n\t\t\t\t\t<div class=\"elementor-spacer\">\n\t\t\t<div class=\"elementor-spacer-inner\"><\/div>\n\t\t<\/div>\n\t\t\t\t<\/div>\n\t\t\t\t<\/div>\n\t\t\t\t<div class=\"elementor-element elementor-element-ff3dd62 elementor-widget elementor-widget-heading\" data-id=\"ff3dd62\" data-element_type=\"widget\" data-widget_type=\"heading.default\">\n\t\t\t\t<div class=\"elementor-widget-container\">\n\t\t\t<h1 class=\"elementor-heading-title elementor-size-default\">WFTA Certifikat<\/h1>\t\t<\/div>\n\t\t\t\t<\/div>\n\t\t\t\t<div class=\"elementor-element elementor-element-5c648c2 elementor-widget elementor-widget-text-editor\" data-id=\"5c648c2\" data-element_type=\"widget\" data-widget_type=\"text-editor.default\">\n\t\t\t\t<div class=\"elementor-widget-container\">\n\t\t\t\t\t\t\t\t<div class=\"elementor-text-editor elementor-clearfix\">\n\t\t\t\t<p>EM Tourism je prvi WTFA cerftificiran organizator potovanj in v Sloveniji. EM Turizem je prvi organizator potovanj s kulinari\u010dnim certifikatom v Sloveniji. To posebno oznako <strong><a href=\"https:\/\/worldfoodtravel.org\/\" target=\"_blank\" rel=\"noopener\">World Food Travel Association<\/a><\/strong> vsako leto podeli le nekaj podjetjem po vsem svetu. Worl je svetovna avtoriteta na podro\u010dju turizma s hrano in pija\u010do, znanega tudi kot kulinari\u010dni oz. gastronomski turizem.<\/p>\n\t\t\t\t\t<\/div>\n\t\t\t\t\t\t<\/div>\n\t\t\t\t<\/div>\n\t\t\t\t<div class=\"elementor-element elementor-element-d9b18e6 elementor-widget elementor-widget-image\" data-id=\"d9b18e6\" data-element_type=\"widget\" data-widget_type=\"image.default\">\n\t\t\t\t<div class=\"elementor-widget-container\">\n\t\t\t\t\t\t\t\t<div class=\"elementor-image\">\n\t\t\t\t\t\t\t\t\t\t\t\t\t<a href=\"https:\/\/worldfoodtravel.org\/\">\n\t\t\t\t\t\t\t<img decoding=\"async\" src=\"https:\/\/em-tour.com\/wp-content\/uploads\/elementor\/thumbs\/logo_culinary_tour_operator_certificate-p7ckrdhhvanvuh38j1m64wginfacechk7xovaulye4.png\" title=\"Culinary Tour Operator Certificate\" alt=\"Culinary Tour Operator Certificate\" \/>\t\t\t\t\t\t\t\t<\/a>\n\t\t\t\t\t\t\t\t\t\t\t\t\t\t<\/div>\n\t\t\t\t\t\t<\/div>\n\t\t\t\t<\/div>\n\t\t\t\t<div class=\"elementor-element elementor-element-13145bc elementor-widget elementor-widget-spacer\" data-id=\"13145bc\" data-element_type=\"widget\" data-widget_type=\"spacer.default\">\n\t\t\t\t<div class=\"elementor-widget-container\">\n\t\t\t\t\t<div class=\"elementor-spacer\">\n\t\t\t<div class=\"elementor-spacer-inner\"><\/div>\n\t\t<\/div>\n\t\t\t\t<\/div>\n\t\t\t\t<\/div>\n\t\t\t\t\t\t<\/div>\n\t\t\t\t\t<\/div>\n\t\t<\/div>\n\t\t\t\t\t\t\t\t<\/div>\n\t\t\t\t\t<\/div>\n\t\t<\/section>\n\t\t\t\t\t\t\t\t\t<\/div>\n\t\t\t<\/div>\n\t\t\t\t\t<\/div>\n\t\t","protected":false},"excerpt":{"rendered":"<p>WFTA Certifikat EM Tourism je prvi WTFA cerftificiran organizator potovanj in v Sloveniji. EM Turizem je prvi organizator potovanj s kulinari\u010dnim certifikatom v Sloveniji. To posebno oznako World Food Travel Association vsako leto podeli le nekaj podjetjem po vsem svetu. &hellip; <a href=\"https:\/\/em-tour.com\/sl\/wfta-certifikat\/\">Read More<\/a><\/p>\n","protected":false},"author":1,"featured_media":0,"parent":0,"menu_order":0,"comment_status":"closed","ping_status":"closed","template":"","meta":{"footnotes":""},"class_list":["post-3489","page","type-page","status-publish","hentry"],"_links":{"self":[{"href":"https:\/\/em-tour.com\/sl\/wp-json\/wp\/v2\/pages\/3489","targetHints":{"allow":["GET"]}}],"collection":[{"href":"https:\/\/em-tour.com\/sl\/wp-json\/wp\/v2\/pages"}],"about":[{"href":"https:\/\/em-tour.com\/sl\/wp-json\/wp\/v2\/types\/page"}],"author":[{"embeddable":true,"href":"https:\/\/em-tour.com\/sl\/wp-json\/wp\/v2\/users\/1"}],"replies":[{"embeddable":true,"href":"https:\/\/em-tour.com\/sl\/wp-json\/wp\/v2\/comments?post=3489"}],"version-history":[{"count":1,"href":"https:\/\/em-tour.com\/sl\/wp-json\/wp\/v2\/pages\/3489\/revisions"}],"predecessor-version":[{"id":3490,"href":"https:\/\/em-tour.com\/sl\/wp-json\/wp\/v2\/pages\/3489\/revisions\/3490"}],"wp:attachment":[{"href":"https:\/\/em-tour.com\/sl\/wp-json\/wp\/v2\/media?parent=3489"}],"curies":[{"name":"wp","href":"https:\/\/api.w.org\/{rel}","templated":true}]}}